{"id":4999,"date":"2022-10-24T07:22:22","date_gmt":"2022-10-24T07:22:22","guid":{"rendered":"https:\/\/jogosa.es\/es\/?page_id=4999"},"modified":"2022-10-24T07:31:36","modified_gmt":"2022-10-24T07:31:36","slug":"competitividad-lean","status":"publish","type":"page","link":"https:\/\/jogosa.es\/es\/competitividad-lean\/","title":{"rendered":"LEAN OFFICE"},"content":{"rendered":"\t\t<div data-elementor-type=\"wp-page\" data-elementor-id=\"4999\" class=\"elementor elementor-4999\" data-elementor-settings=\"[]\">\n\t\t\t\t\t\t\t<div class=\"elementor-section-wrap\">\n\t\t\t\t\t\t\t<section class=\"elementor-section elementor-top-section elementor-element elementor-element-69af9820 elementor-section-stretched elementor-section-full_width elementor-section-height-default elementor-section-height-default\" data-id=\"69af9820\" data-element_type=\"section\" data-settings=\"{&quot;stretch_section&quot;:&quot;section-stretched&quot;}\">\n\t\t\t\t\t\t<div class=\"elementor-container elementor-column-gap-no\">\n\t\t\t\t\t<div class=\"elementor-column elementor-col-100 elementor-top-column elementor-element elementor-element-4dbb4179\" data-id=\"4dbb4179\" data-element_type=\"column\">\n\t\t\t<div class=\"elementor-widget-wrap elementor-element-populated\">\n\t\t\t\t\t\t\t\t<div class=\"elementor-element elementor-element-6558dab5 elementor-widget elementor-widget-forester-page-hero\" data-id=\"6558dab5\" data-element_type=\"widget\" data-widget_type=\"forester-page-hero.default\">\n\t\t\t\t<div class=\"elementor-widget-container\">\n\t\t\t<div id=\"hero\" class=\"hero page-hero hero-fullwidth hero_6558dab5 jarallax\" data-jarallax=\"\" data-type=\"scroll\" data-speed=\"0.2\" data-android=\"0\" data-ios=\"0\" style=\"background-image:url(https:\/\/jogosa.es\/es\/wp-content\/uploads\/2022\/09\/competitividad.png)\" data-img-src=\"https:\/\/jogosa.es\/es\/wp-content\/uploads\/2022\/09\/competitividad.png\" data-img-size=\"cover\" data-img-position=\"center center\" data-img-repeat=\"no-repeat\"><div class=\"hero-content-overlay\"><\/div><div class=\"hero-content \"><div class=\"container white\"><div class=\"m-auto\"><div class=\"title-service mb15\"><h2 class=\"page-heading\">LEAN OFFICE<\/h2><p class=\"breadcrubms headline-text\"><!-- Breadcrumb NavXT 7.1.0 -->\n<span property=\"itemListElement\" typeof=\"ListItem\"><a property=\"item\" typeof=\"WebPage\" title=\"Ir a Jogosa Obras y Servicios.\" href=\"https:\/\/jogosa.es\/es\" class=\"home\" aria-current=\"page\"><span property=\"name\">Jogosa Obras y Servicios<\/span><\/a><meta property=\"position\" content=\"1\"><\/span><\/p><\/div><\/div><\/div><\/div><\/div>\t\t<\/div>\n\t\t\t\t<\/div>\n\t\t\t\t\t<\/div>\n\t\t<\/div>\n\t\t\t\t\t\t\t<\/div>\n\t\t<\/section>\n\t\t\t\t<section class=\"elementor-section elementor-top-section elementor-element elementor-element-d1bb8fb elementor-section-boxed elementor-section-height-default elementor-section-height-default\" data-id=\"d1bb8fb\" data-element_type=\"section\">\n\t\t\t\t\t\t<div class=\"elementor-container elementor-column-gap-default\">\n\t\t\t\t\t<div class=\"elementor-column elementor-col-100 elementor-top-column elementor-element elementor-element-3200899\" data-id=\"3200899\" data-element_type=\"column\">\n\t\t\t<div class=\"elementor-widget-wrap elementor-element-populated\">\n\t\t\t\t\t\t\t\t<div class=\"elementor-element elementor-element-f21d459 elementor-widget elementor-widget-heading\" data-id=\"f21d459\" data-element_type=\"widget\" data-widget_type=\"heading.default\">\n\t\t\t\t<div class=\"elementor-widget-container\">\n\t\t\t<h3 class=\"elementor-heading-title elementor-size-default\">PROYECTO PARA LA IMPLANTACI\u00d3N DE METODOLOG\u00cdAS LEAN EN LA OPTIMIZACI\u00d3N DE PROCESOS PRODUCTIVOS<\/h3>\t\t<\/div>\n\t\t\t\t<\/div>\n\t\t\t\t<div class=\"elementor-element elementor-element-0856d7e elementor-widget elementor-widget-text-editor\" data-id=\"0856d7e\" data-element_type=\"widget\" data-widget_type=\"text-editor.default\">\n\t\t\t\t<div class=\"elementor-widget-container\">\n\t\t\t\t\t\t\t<p>El pasado 29 de enero de 2021 se realiz\u00f3 por parte de la empresa Jogosa Obras y Servicios S.L.U. la solicitud para acogerse a los beneficios establecidos en la Orden de 29 de octubre de 2020 (DOE no 214, de 05\/11\/2020) por la que se establecen las bases reguladoras de las ayudas para la puesta en marcha de un Programa para la Mejora Competitiva de la Pyme Extreme\u00f1a y a su correspondiente Resoluci\u00f3n de Convocatoria 2020\/2021 de 4 de diciembre de 2020. Una vez comprobado que reun\u00edamos todos los requisitos establecidos para tener la condici\u00f3n de beneficiario, nuestro proyecto fue considerado como subvencionable.<\/p><p>El 6 de agosto de 2021 se recibi\u00f3 la resoluci\u00f3n favorable a partir de la cual ten\u00edamos un a\u00f1o para la ejecuci\u00f3n del proyecto.<\/p><p>El proyecto se ha ejecutado en el centro de trabajo principal de la empresa situado en C\/ Las Avutardas 60 de C\u00e1ceres, con c\u00f3digo postal 10004 de la provincia de C\u00e1ceres, durante los meses desde noviembre de 2021 hasta octubre de 2022.<\/p><p><img loading=\"lazy\" class=\"wp-image-4992 size-large aligncenter\" src=\"https:\/\/jogosa.es\/es\/wp-content\/uploads\/2022\/10\/Modelo-cartel-publicidad-ayudas-competitividad-1-1024x724.png\" alt=\"\" width=\"960\" height=\"679\" srcset=\"https:\/\/jogosa.es\/es\/wp-content\/uploads\/2022\/10\/Modelo-cartel-publicidad-ayudas-competitividad-1-1024x724.png 1024w, https:\/\/jogosa.es\/es\/wp-content\/uploads\/2022\/10\/Modelo-cartel-publicidad-ayudas-competitividad-1-300x212.png 300w, https:\/\/jogosa.es\/es\/wp-content\/uploads\/2022\/10\/Modelo-cartel-publicidad-ayudas-competitividad-1-768x543.png 768w, https:\/\/jogosa.es\/es\/wp-content\/uploads\/2022\/10\/Modelo-cartel-publicidad-ayudas-competitividad-1-1536x1086.png 1536w, https:\/\/jogosa.es\/es\/wp-content\/uploads\/2022\/10\/Modelo-cartel-publicidad-ayudas-competitividad-1-2048x1448.png 2048w\" sizes=\"(max-width: 960px) 100vw, 960px\" \/><\/p><div class=\"page\" title=\"Page 7\"><div class=\"section\"><div class=\"layoutArea\"><div class=\"column\"><p>Lean Office es una filosofi\u0301a de trabajo en la cual el valor generado para el cliente dirige las operaciones eliminando actividades de no valor ayudando a reducir tiempos, a incrementar la productividad y a mejorar la calidad y la entregas.<br \/>Con ella se busca mejorar la productividad, eliminando aquellas tareas -como el exceso de tra\u0301mites burocra\u0301ticos- que no tengan valor para el desarrollo de la empresa y sus actividades. En pocas palabras, la metodologi\u0301a Lean no es otra cosa que la aplicacio\u0301n del Lean Manufacturing a los procesos administrativos.<\/p><\/div><\/div><\/div><\/div>\t\t\t\t\t\t<\/div>\n\t\t\t\t<\/div>\n\t\t\t\t\t<\/div>\n\t\t<\/div>\n\t\t\t\t\t\t\t<\/div>\n\t\t<\/section>\n\t\t\t\t<section class=\"elementor-section elementor-top-section elementor-element elementor-element-c52c63f elementor-section-content-middle elementor-section-boxed elementor-section-height-default elementor-section-height-default\" data-id=\"c52c63f\" data-element_type=\"section\" data-settings=\"{&quot;background_background&quot;:&quot;classic&quot;}\">\n\t\t\t\t\t\t<div class=\"elementor-container elementor-column-gap-default\">\n\t\t\t\t\t<div class=\"elementor-column elementor-col-66 elementor-top-column elementor-element elementor-element-bf63059\" data-id=\"bf63059\" data-element_type=\"column\">\n\t\t\t<div class=\"elementor-widget-wrap elementor-element-populated\">\n\t\t\t\t\t\t\t\t<section class=\"elementor-section elementor-inner-section elementor-element elementor-element-5a27264 elementor-section-content-middle elementor-section-boxed elementor-section-height-default elementor-section-height-default\" data-id=\"5a27264\" data-element_type=\"section\">\n\t\t\t\t\t\t<div class=\"elementor-container elementor-column-gap-default\">\n\t\t\t\t\t<div class=\"elementor-column elementor-col-16 elementor-inner-column elementor-element elementor-element-cf7d165\" data-id=\"cf7d165\" data-element_type=\"column\">\n\t\t\t<div class=\"elementor-widget-wrap elementor-element-populated\">\n\t\t\t\t\t\t\t\t<div class=\"elementor-element elementor-element-f31800c elementor-widget elementor-widget-heading\" data-id=\"f31800c\" data-element_type=\"widget\" data-widget_type=\"heading.default\">\n\t\t\t\t<div class=\"elementor-widget-container\">\n\t\t\t<h5 class=\"elementor-heading-title elementor-size-default\"><a href=\"\/nosotros\">Nosotros<\/a><\/h5>\t\t<\/div>\n\t\t\t\t<\/div>\n\t\t\t\t\t<\/div>\n\t\t<\/div>\n\t\t\t\t<div class=\"elementor-column elementor-col-16 elementor-inner-column elementor-element elementor-element-1237505\" data-id=\"1237505\" data-element_type=\"column\">\n\t\t\t<div class=\"elementor-widget-wrap elementor-element-populated\">\n\t\t\t\t\t\t\t\t<div class=\"elementor-element elementor-element-c4a3a84 elementor-widget elementor-widget-heading\" data-id=\"c4a3a84\" data-element_type=\"widget\" data-widget_type=\"heading.default\">\n\t\t\t\t<div class=\"elementor-widget-container\">\n\t\t\t<h5 class=\"elementor-heading-title elementor-size-default\"><a href=\"\/soluciones\">Soluciones<\/a><\/h5>\t\t<\/div>\n\t\t\t\t<\/div>\n\t\t\t\t\t<\/div>\n\t\t<\/div>\n\t\t\t\t<div class=\"elementor-column elementor-col-16 elementor-inner-column elementor-element elementor-element-3eceedd\" data-id=\"3eceedd\" data-element_type=\"column\">\n\t\t\t<div class=\"elementor-widget-wrap elementor-element-populated\">\n\t\t\t\t\t\t\t\t<div class=\"elementor-element elementor-element-5c41fb4 elementor-widget elementor-widget-heading\" data-id=\"5c41fb4\" data-element_type=\"widget\" data-widget_type=\"heading.default\">\n\t\t\t\t<div class=\"elementor-widget-container\">\n\t\t\t<h5 class=\"elementor-heading-title elementor-size-default\"><a href=\"\/proyectos\">proyectos<\/a><\/h5>\t\t<\/div>\n\t\t\t\t<\/div>\n\t\t\t\t\t<\/div>\n\t\t<\/div>\n\t\t\t\t<div class=\"elementor-column elementor-col-16 elementor-inner-column elementor-element elementor-element-14f856e\" data-id=\"14f856e\" data-element_type=\"column\">\n\t\t\t<div class=\"elementor-widget-wrap elementor-element-populated\">\n\t\t\t\t\t\t\t\t<div class=\"elementor-element elementor-element-944dcfb elementor-widget elementor-widget-heading\" data-id=\"944dcfb\" data-element_type=\"widget\" data-widget_type=\"heading.default\">\n\t\t\t\t<div class=\"elementor-widget-container\">\n\t\t\t<h5 class=\"elementor-heading-title elementor-size-default\"><a href=\"\/i-d-i\">i+d+i<\/a><\/h5>\t\t<\/div>\n\t\t\t\t<\/div>\n\t\t\t\t\t<\/div>\n\t\t<\/div>\n\t\t\t\t<div class=\"elementor-column elementor-col-16 elementor-inner-column elementor-element elementor-element-01741d0\" data-id=\"01741d0\" data-element_type=\"column\">\n\t\t\t<div class=\"elementor-widget-wrap elementor-element-populated\">\n\t\t\t\t\t\t\t\t<div class=\"elementor-element elementor-element-bdd1105 elementor-widget elementor-widget-heading\" data-id=\"bdd1105\" data-element_type=\"widget\" data-widget_type=\"heading.default\">\n\t\t\t\t<div class=\"elementor-widget-container\">\n\t\t\t<h5 class=\"elementor-heading-title elementor-size-default\"><a href=\"\/actualidad\">Actualidad<\/a><\/h5>\t\t<\/div>\n\t\t\t\t<\/div>\n\t\t\t\t\t<\/div>\n\t\t<\/div>\n\t\t\t\t<div class=\"elementor-column elementor-col-16 elementor-inner-column elementor-element elementor-element-f0be369\" data-id=\"f0be369\" data-element_type=\"column\">\n\t\t\t<div class=\"elementor-widget-wrap elementor-element-populated\">\n\t\t\t\t\t\t\t\t<div class=\"elementor-element elementor-element-ac8ffbc elementor-widget elementor-widget-heading\" data-id=\"ac8ffbc\" data-element_type=\"widget\" data-widget_type=\"heading.default\">\n\t\t\t\t<div class=\"elementor-widget-container\">\n\t\t\t<h5 class=\"elementor-heading-title elementor-size-default\"><a href=\"\/contacto\">Contacto<\/a><\/h5>\t\t<\/div>\n\t\t\t\t<\/div>\n\t\t\t\t\t<\/div>\n\t\t<\/div>\n\t\t\t\t\t\t\t<\/div>\n\t\t<\/section>\n\t\t\t\t<section class=\"elementor-section elementor-inner-section elementor-element elementor-element-4ba9982 elementor-section-content-middle elementor-section-boxed elementor-section-height-default elementor-section-height-default\" data-id=\"4ba9982\" data-element_type=\"section\">\n\t\t\t\t\t\t<div class=\"elementor-container elementor-column-gap-default\">\n\t\t\t\t\t<div class=\"elementor-column elementor-col-33 elementor-inner-column elementor-element elementor-element-9278b8e\" data-id=\"9278b8e\" data-element_type=\"column\">\n\t\t\t<div class=\"elementor-widget-wrap elementor-element-populated\">\n\t\t\t\t\t\t\t\t<div class=\"elementor-element elementor-element-854c0ab elementor-widget elementor-widget-heading\" data-id=\"854c0ab\" data-element_type=\"widget\" data-widget_type=\"heading.default\">\n\t\t\t\t<div class=\"elementor-widget-container\">\n\t\t\t<div class=\"elementor-heading-title elementor-size-default\"><i class=\"fa fa-phone pr5\"><\/i> 927 21 27 58<\/div>\t\t<\/div>\n\t\t\t\t<\/div>\n\t\t\t\t\t<\/div>\n\t\t<\/div>\n\t\t\t\t<div class=\"elementor-column elementor-col-33 elementor-inner-column elementor-element elementor-element-4276eca\" data-id=\"4276eca\" data-element_type=\"column\">\n\t\t\t<div class=\"elementor-widget-wrap elementor-element-populated\">\n\t\t\t\t\t\t\t\t<div class=\"elementor-element elementor-element-f7c9ec6 elementor-widget elementor-widget-heading\" data-id=\"f7c9ec6\" data-element_type=\"widget\" data-widget_type=\"heading.default\">\n\t\t\t\t<div class=\"elementor-widget-container\">\n\t\t\t<div class=\"elementor-heading-title elementor-size-default\"><i class=\"fa fa-envelope-o pr5\"><\/i> info@jogosa.es<\/div>\t\t<\/div>\n\t\t\t\t<\/div>\n\t\t\t\t\t<\/div>\n\t\t<\/div>\n\t\t\t\t<div class=\"elementor-column elementor-col-33 elementor-inner-column elementor-element elementor-element-1e58d15\" data-id=\"1e58d15\" data-element_type=\"column\">\n\t\t\t<div class=\"elementor-widget-wrap elementor-element-populated\">\n\t\t\t\t\t\t\t\t<div class=\"elementor-element elementor-element-63bb4f1 elementor-widget elementor-widget-heading\" data-id=\"63bb4f1\" data-element_type=\"widget\" data-widget_type=\"heading.default\">\n\t\t\t\t<div class=\"elementor-widget-container\">\n\t\t\t<div class=\"elementor-heading-title elementor-size-default\"><i class=\"fa fa-home pr5\"><\/i>Las Avutardas 40, C\u00e1ceres<\/div>\t\t<\/div>\n\t\t\t\t<\/div>\n\t\t\t\t\t<\/div>\n\t\t<\/div>\n\t\t\t\t\t\t\t<\/div>\n\t\t<\/section>\n\t\t\t\t\t<\/div>\n\t\t<\/div>\n\t\t\t\t<div class=\"elementor-column elementor-col-33 elementor-top-column elementor-element elementor-element-44992e7\" data-id=\"44992e7\" data-element_type=\"column\">\n\t\t\t<div class=\"elementor-widget-wrap elementor-element-populated\">\n\t\t\t\t\t\t\t\t<div class=\"elementor-element elementor-element-48fd17d elementor-widget elementor-widget-image\" data-id=\"48fd17d\" data-element_type=\"widget\" data-widget_type=\"image.default\">\n\t\t\t\t<div class=\"elementor-widget-container\">\n\t\t\t\t\t\t\t\t\t\t\t\t\t\t\t\t<a href=\"https:\/\/jogosa.es\/es\">\n\t\t\t\t\t\t\t<img src=\"https:\/\/jogosa.es\/es\/wp-content\/uploads\/elementor\/thumbs\/logo_jogosa-07-p5qvpi787k8jajpbxxpcenizupdji32a6kk1lur8le.png\" title=\"logo_jogosa-07\" alt=\"logo_jogosa-07\" \/>\t\t\t\t\t\t\t\t<\/a>\n\t\t\t\t\t\t\t\t\t\t\t\t\t\t\t<\/div>\n\t\t\t\t<\/div>\n\t\t\t\t<div class=\"elementor-element elementor-element-2585743 elementor-widget elementor-widget-heading\" data-id=\"2585743\" data-element_type=\"widget\" data-widget_type=\"heading.default\">\n\t\t\t\t<div class=\"elementor-widget-container\">\n\t\t\t<p class=\"elementor-heading-title elementor-size-default\">Copyright \u00a9 2021 Jogosa Obras y Servicios.<br><a class=\"white\" href=\"\/politica-privacidad\">Pol\u00edtica de privacidad<\/a><\/p>\t\t<\/div>\n\t\t\t\t<\/div>\n\t\t\t\t\t<\/div>\n\t\t<\/div>\n\t\t\t\t\t\t\t<\/div>\n\t\t<\/section>\n\t\t\t\t<section class=\"elementor-section elementor-top-section elementor-element elementor-element-4ba0e51 elementor-section-content-middle elementor-section-boxed elementor-section-height-default elementor-section-height-default\" data-id=\"4ba0e51\" data-element_type=\"section\" data-settings=\"{&quot;background_background&quot;:&quot;classic&quot;}\">\n\t\t\t\t\t\t<div class=\"elementor-container elementor-column-gap-default\">\n\t\t\t\t\t<div class=\"elementor-column elementor-col-50 elementor-top-column elementor-element elementor-element-a4a9070\" data-id=\"a4a9070\" data-element_type=\"column\">\n\t\t\t<div class=\"elementor-widget-wrap elementor-element-populated\">\n\t\t\t\t\t\t\t\t<div class=\"elementor-element elementor-element-7efa032 elementor-widget elementor-widget-image\" data-id=\"7efa032\" data-element_type=\"widget\" data-widget_type=\"image.default\">\n\t\t\t\t<div class=\"elementor-widget-container\">\n\t\t\t\t\t\t\t\t\t\t\t\t\t\t\t\t<a href=\"https:\/\/jogosa.es\/es\/wp-content\/uploads\/2021\/10\/cartel-Internacional-gene\u0301rico-scaled.jpg\" data-elementor-open-lightbox=\"yes\" data-elementor-lightbox-title=\"jogosa-xpande\" data-elementor-lightbox-description=\"jogosa-xpande\">\n\t\t\t\t\t\t\t<img src=\"https:\/\/jogosa.es\/es\/wp-content\/uploads\/elementor\/thumbs\/cartel-Internacional-gene\u0301rico-scaled-pei7ylrq4mmjnsf8fxf0cvgyvs0p0axo8igu9h64m0.jpg\" title=\"jogosa-xpande\" alt=\"jogosa-xpande\" \/>\t\t\t\t\t\t\t\t<\/a>\n\t\t\t\t\t\t\t\t\t\t\t\t\t\t\t<\/div>\n\t\t\t\t<\/div>\n\t\t\t\t\t<\/div>\n\t\t<\/div>\n\t\t\t\t<div class=\"elementor-column elementor-col-50 elementor-top-column elementor-element elementor-element-870fa4b\" data-id=\"870fa4b\" data-element_type=\"column\">\n\t\t\t<div class=\"elementor-widget-wrap elementor-element-populated\">\n\t\t\t\t\t\t\t\t<div class=\"elementor-element elementor-element-c72fe47 elementor-widget elementor-widget-heading\" data-id=\"c72fe47\" data-element_type=\"widget\" data-widget_type=\"heading.default\">\n\t\t\t\t<div class=\"elementor-widget-container\">\n\t\t\t<p class=\"elementor-heading-title elementor-size-forester-hero-desc lead h5-md mb20\">Jogosa Obras y Servicios S.L.U. ha sido beneficiaria del Fondo Europeo de Desarrollo Regional cuyo objetivo \"Unidos para promover el desarrollo tecnol\u00f3gico, la innovaci\u00f3n y una investigaci\u00f3n de calidad\" y gracias al cual ha conseguido implementar un Sistema de Gesti\u00f3n de la Innovaci\u00f3n (UNE 166.006). Esta acci\u00f3n ha tenido lugar entre noviembre de 2020 y marzo de 2021. Para ello ha contado con el apoyo del programa InnoC\u00e1maras 2020 de la C\u00e1mara de Comercio de C\u00e1ceres.\n<\/p>\t\t<\/div>\n\t\t\t\t<\/div>\n\t\t\t\t\t<\/div>\n\t\t<\/div>\n\t\t\t\t\t\t\t<\/div>\n\t\t<\/section>\n\t\t\t\t\t\t<\/div>\n\t\t\t\t\t<\/div>\n\t\t","protected":false},"excerpt":{"rendered":"<p>Implantaci\u00f3n ERP Jogosa Obras y Servicios PROYECTO PARA LA IMPLANTACI\u00d3N DE METODOLOG\u00cdAS LEAN EN LA OPTIMIZACI\u00d3N DE PROCESOS PRODUCTIVOS El pasado 29 de enero de 2021 se realiz\u00f3 por parte de la empresa Jogosa Obras y Servicios S.L.U. la solicitud para acogerse a los beneficios establecidos en la Orden de 29 de octubre de 2020 [&hellip;]<\/p>\n","protected":false},"author":1,"featured_media":0,"parent":0,"menu_order":0,"comment_status":"closed","ping_status":"closed","template":"forester-elementor-page.php","meta":[],"yoast_head":"<!-- This site is optimized with the Yoast SEO plugin v18.4.1 - https:\/\/yoast.com\/wordpress\/plugins\/seo\/ -->\n<title>LEAN OFFICE - Jogosa Obras y Servicios<\/title>\n<meta name=\"robots\" content=\"noindex, follow, max-snippet:-1, max-image-preview:large, max-video-preview:-1\" \/>\n<meta property=\"og:locale\" content=\"es_ES\" \/>\n<meta property=\"og:type\" content=\"article\" \/>\n<meta property=\"og:title\" content=\"LEAN OFFICE - Jogosa Obras y Servicios\" \/>\n<meta property=\"og:description\" content=\"Implantaci\u00f3n ERP Jogosa Obras y Servicios PROYECTO PARA LA IMPLANTACI\u00d3N DE METODOLOG\u00cdAS LEAN EN LA OPTIMIZACI\u00d3N DE PROCESOS PRODUCTIVOS El pasado 29 de enero de 2021 se realiz\u00f3 por parte de la empresa Jogosa Obras y Servicios S.L.U. la solicitud para acogerse a los beneficios establecidos en la Orden de 29 de octubre de 2020 [&hellip;]\" \/>\n<meta property=\"og:url\" content=\"https:\/\/jogosa.es\/es\/competitividad-lean\/\" \/>\n<meta property=\"og:site_name\" content=\"Jogosa Obras y Servicios\" \/>\n<meta property=\"article:modified_time\" content=\"2022-10-24T07:31:36+00:00\" \/>\n<meta property=\"og:image\" content=\"https:\/\/jogosa.es\/es\/wp-content\/uploads\/2022\/10\/Modelo-cartel-publicidad-ayudas-competitividad-1-1024x724.png\" \/>\n<meta name=\"twitter:card\" content=\"summary_large_image\" \/>\n<meta name=\"twitter:label1\" content=\"Tiempo de lectura\" \/>\n\t<meta name=\"twitter:data1\" content=\"3 minutos\" \/>\n<script type=\"application\/ld+json\" class=\"yoast-schema-graph\">{\"@context\":\"https:\/\/schema.org\",\"@graph\":[{\"@type\":\"WebSite\",\"@id\":\"https:\/\/jogosa.es\/es\/#website\",\"url\":\"https:\/\/jogosa.es\/es\/\",\"name\":\"Jogosa Obras y Servicios\",\"description\":\"Ingenier\u00eda forestal al servicio del medio ambiente\",\"potentialAction\":[{\"@type\":\"SearchAction\",\"target\":{\"@type\":\"EntryPoint\",\"urlTemplate\":\"https:\/\/jogosa.es\/es\/?s={search_term_string}\"},\"query-input\":\"required name=search_term_string\"}],\"inLanguage\":\"es\"},{\"@type\":\"ImageObject\",\"@id\":\"https:\/\/jogosa.es\/es\/competitividad-lean\/#primaryimage\",\"inLanguage\":\"es\",\"url\":\"https:\/\/jogosa.es\/es\/wp-content\/uploads\/2022\/10\/Modelo-cartel-publicidad-ayudas-competitividad-1.png\",\"contentUrl\":\"https:\/\/jogosa.es\/es\/wp-content\/uploads\/2022\/10\/Modelo-cartel-publicidad-ayudas-competitividad-1.png\",\"width\":2480,\"height\":1753},{\"@type\":\"WebPage\",\"@id\":\"https:\/\/jogosa.es\/es\/competitividad-lean\/#webpage\",\"url\":\"https:\/\/jogosa.es\/es\/competitividad-lean\/\",\"name\":\"LEAN OFFICE - Jogosa Obras y Servicios\",\"isPartOf\":{\"@id\":\"https:\/\/jogosa.es\/es\/#website\"},\"primaryImageOfPage\":{\"@id\":\"https:\/\/jogosa.es\/es\/competitividad-lean\/#primaryimage\"},\"datePublished\":\"2022-10-24T07:22:22+00:00\",\"dateModified\":\"2022-10-24T07:31:36+00:00\",\"breadcrumb\":{\"@id\":\"https:\/\/jogosa.es\/es\/competitividad-lean\/#breadcrumb\"},\"inLanguage\":\"es\",\"potentialAction\":[{\"@type\":\"ReadAction\",\"target\":[\"https:\/\/jogosa.es\/es\/competitividad-lean\/\"]}]},{\"@type\":\"BreadcrumbList\",\"@id\":\"https:\/\/jogosa.es\/es\/competitividad-lean\/#breadcrumb\",\"itemListElement\":[{\"@type\":\"ListItem\",\"position\":1,\"name\":\"Portada\",\"item\":\"https:\/\/jogosa.es\/es\/\"},{\"@type\":\"ListItem\",\"position\":2,\"name\":\"LEAN OFFICE\"}]}]}<\/script>\n<!-- \/ Yoast SEO plugin. -->","yoast_head_json":{"title":"LEAN OFFICE - Jogosa Obras y Servicios","robots":{"index":"noindex","follow":"follow","max-snippet":"max-snippet:-1","max-image-preview":"max-image-preview:large","max-video-preview":"max-video-preview:-1"},"og_locale":"es_ES","og_type":"article","og_title":"LEAN OFFICE - Jogosa Obras y Servicios","og_description":"Implantaci\u00f3n ERP Jogosa Obras y Servicios PROYECTO PARA LA IMPLANTACI\u00d3N DE METODOLOG\u00cdAS LEAN EN LA OPTIMIZACI\u00d3N DE PROCESOS PRODUCTIVOS El pasado 29 de enero de 2021 se realiz\u00f3 por parte de la empresa Jogosa Obras y Servicios S.L.U. la solicitud para acogerse a los beneficios establecidos en la Orden de 29 de octubre de 2020 [&hellip;]","og_url":"https:\/\/jogosa.es\/es\/competitividad-lean\/","og_site_name":"Jogosa Obras y Servicios","article_modified_time":"2022-10-24T07:31:36+00:00","og_image":[{"url":"https:\/\/jogosa.es\/es\/wp-content\/uploads\/2022\/10\/Modelo-cartel-publicidad-ayudas-competitividad-1-1024x724.png"}],"twitter_card":"summary_large_image","twitter_misc":{"Tiempo de lectura":"3 minutos"},"schema":{"@context":"https:\/\/schema.org","@graph":[{"@type":"WebSite","@id":"https:\/\/jogosa.es\/es\/#website","url":"https:\/\/jogosa.es\/es\/","name":"Jogosa Obras y Servicios","description":"Ingenier\u00eda forestal al servicio del medio ambiente","potentialAction":[{"@type":"SearchAction","target":{"@type":"EntryPoint","urlTemplate":"https:\/\/jogosa.es\/es\/?s={search_term_string}"},"query-input":"required name=search_term_string"}],"inLanguage":"es"},{"@type":"ImageObject","@id":"https:\/\/jogosa.es\/es\/competitividad-lean\/#primaryimage","inLanguage":"es","url":"https:\/\/jogosa.es\/es\/wp-content\/uploads\/2022\/10\/Modelo-cartel-publicidad-ayudas-competitividad-1.png","contentUrl":"https:\/\/jogosa.es\/es\/wp-content\/uploads\/2022\/10\/Modelo-cartel-publicidad-ayudas-competitividad-1.png","width":2480,"height":1753},{"@type":"WebPage","@id":"https:\/\/jogosa.es\/es\/competitividad-lean\/#webpage","url":"https:\/\/jogosa.es\/es\/competitividad-lean\/","name":"LEAN OFFICE - Jogosa Obras y Servicios","isPartOf":{"@id":"https:\/\/jogosa.es\/es\/#website"},"primaryImageOfPage":{"@id":"https:\/\/jogosa.es\/es\/competitividad-lean\/#primaryimage"},"datePublished":"2022-10-24T07:22:22+00:00","dateModified":"2022-10-24T07:31:36+00:00","breadcrumb":{"@id":"https:\/\/jogosa.es\/es\/competitividad-lean\/#breadcrumb"},"inLanguage":"es","potentialAction":[{"@type":"ReadAction","target":["https:\/\/jogosa.es\/es\/competitividad-lean\/"]}]},{"@type":"BreadcrumbList","@id":"https:\/\/jogosa.es\/es\/competitividad-lean\/#breadcrumb","itemListElement":[{"@type":"ListItem","position":1,"name":"Portada","item":"https:\/\/jogosa.es\/es\/"},{"@type":"ListItem","position":2,"name":"LEAN OFFICE"}]}]}},"_links":{"self":[{"href":"https:\/\/jogosa.es\/es\/wp-json\/wp\/v2\/pages\/4999"}],"collection":[{"href":"https:\/\/jogosa.es\/es\/wp-json\/wp\/v2\/pages"}],"about":[{"href":"https:\/\/jogosa.es\/es\/wp-json\/wp\/v2\/types\/page"}],"author":[{"embeddable":true,"href":"https:\/\/jogosa.es\/es\/wp-json\/wp\/v2\/users\/1"}],"replies":[{"embeddable":true,"href":"https:\/\/jogosa.es\/es\/wp-json\/wp\/v2\/comments?post=4999"}],"version-history":[{"count":5,"href":"https:\/\/jogosa.es\/es\/wp-json\/wp\/v2\/pages\/4999\/revisions"}],"predecessor-version":[{"id":5004,"href":"https:\/\/jogosa.es\/es\/wp-json\/wp\/v2\/pages\/4999\/revisions\/5004"}],"wp:attachment":[{"href":"https:\/\/jogosa.es\/es\/wp-json\/wp\/v2\/media?parent=4999"}],"curies":[{"name":"wp","href":"https:\/\/api.w.org\/{rel}","templated":true}]}}