{"id":5082,"date":"2025-03-13T22:37:22","date_gmt":"2025-03-13T22:37:22","guid":{"rendered":"https:\/\/jogosa.es\/es\/?page_id=5082"},"modified":"2025-03-13T22:41:05","modified_gmt":"2025-03-13T22:41:05","slug":"consolidapyme-isos","status":"publish","type":"page","link":"https:\/\/jogosa.es\/es\/consolidapyme-isos\/","title":{"rendered":"IMPLANTACI\u00d3N Y CERTIFICACI\u00d3N ISO 9001, 14001 Y 45001"},"content":{"rendered":"\t\t<div data-elementor-type=\"wp-page\" data-elementor-id=\"5082\" class=\"elementor elementor-5082\" data-elementor-settings=\"[]\">\n\t\t\t\t\t\t\t<div class=\"elementor-section-wrap\">\n\t\t\t\t\t\t\t<section class=\"elementor-section elementor-top-section elementor-element elementor-element-69af9820 elementor-section-stretched elementor-section-full_width elementor-section-height-default elementor-section-height-default\" data-id=\"69af9820\" data-element_type=\"section\" data-settings=\"{&quot;stretch_section&quot;:&quot;section-stretched&quot;}\">\n\t\t\t\t\t\t<div class=\"elementor-container elementor-column-gap-no\">\n\t\t\t\t\t<div class=\"elementor-column elementor-col-100 elementor-top-column elementor-element elementor-element-4dbb4179\" data-id=\"4dbb4179\" data-element_type=\"column\">\n\t\t\t<div class=\"elementor-widget-wrap elementor-element-populated\">\n\t\t\t\t\t\t\t\t<div class=\"elementor-element elementor-element-6558dab5 elementor-widget elementor-widget-forester-page-hero\" data-id=\"6558dab5\" data-element_type=\"widget\" data-widget_type=\"forester-page-hero.default\">\n\t\t\t\t<div class=\"elementor-widget-container\">\n\t\t\t<div id=\"hero\" class=\"hero page-hero hero-fullwidth hero_6558dab5 jarallax\" data-jarallax=\"\" data-type=\"scroll\" data-speed=\"0.2\" data-android=\"0\" data-ios=\"0\" style=\"background-image:url(https:\/\/jogosa.es\/es\/wp-content\/uploads\/2022\/09\/competitividad.png)\" data-img-src=\"https:\/\/jogosa.es\/es\/wp-content\/uploads\/2022\/09\/competitividad.png\" data-img-size=\"cover\" data-img-position=\"center center\" data-img-repeat=\"no-repeat\"><div class=\"hero-content-overlay\"><\/div><div class=\"hero-content \"><div class=\"container white\"><div class=\"m-auto\"><div class=\"title-service mb15\"><h2 class=\"page-heading\">IMPLANTACI\u00d3N Y CERTIFICACI\u00d3N ISO 9001, 14001 Y 45001<\/h2><p class=\"breadcrubms headline-text\"><!-- Breadcrumb NavXT 7.1.0 -->\n<span property=\"itemListElement\" typeof=\"ListItem\"><a property=\"item\" typeof=\"WebPage\" title=\"Ir a Jogosa Obras y Servicios.\" href=\"https:\/\/jogosa.es\/es\" class=\"home\" aria-current=\"page\"><span property=\"name\">Jogosa Obras y Servicios<\/span><\/a><meta property=\"position\" content=\"1\"><\/span><\/p><\/div><\/div><\/div><\/div><\/div>\t\t<\/div>\n\t\t\t\t<\/div>\n\t\t\t\t\t<\/div>\n\t\t<\/div>\n\t\t\t\t\t\t\t<\/div>\n\t\t<\/section>\n\t\t\t\t<section class=\"elementor-section elementor-top-section elementor-element elementor-element-d1bb8fb elementor-section-boxed elementor-section-height-default elementor-section-height-default\" data-id=\"d1bb8fb\" data-element_type=\"section\">\n\t\t\t\t\t\t<div class=\"elementor-container elementor-column-gap-default\">\n\t\t\t\t\t<div class=\"elementor-column elementor-col-100 elementor-top-column elementor-element elementor-element-3200899\" data-id=\"3200899\" data-element_type=\"column\">\n\t\t\t<div class=\"elementor-widget-wrap elementor-element-populated\">\n\t\t\t\t\t\t\t\t<div class=\"elementor-element elementor-element-f21d459 elementor-widget elementor-widget-heading\" data-id=\"f21d459\" data-element_type=\"widget\" data-widget_type=\"heading.default\">\n\t\t\t\t<div class=\"elementor-widget-container\">\n\t\t\t<h3 class=\"elementor-heading-title elementor-size-default\">CONSOLIDAPYME:\nPrograma para la Consolidaci\u00f3n y Crecimiento de la\nPyme extreme\u00f1a a trav\u00e9s de su Mejora Competitiva<\/h3>\t\t<\/div>\n\t\t\t\t<\/div>\n\t\t\t\t<div class=\"elementor-element elementor-element-0856d7e elementor-widget elementor-widget-text-editor\" data-id=\"0856d7e\" data-element_type=\"widget\" data-widget_type=\"text-editor.default\">\n\t\t\t\t<div class=\"elementor-widget-container\">\n\t\t\t\t\t\t\t<p data-start=\"187\" data-end=\"400\">Jogosa Obras y Servicios SLU ha sido adjudicataria de la ayuda del programa <strong data-start=\"263\" data-end=\"280\">CONSOLIDAPYME<\/strong>, una iniciativa destinada a la consolidaci\u00f3n y crecimiento de las pymes extreme\u00f1as a trav\u00e9s de su mejora competitiva.<\/p><p data-start=\"402\" data-end=\"656\">Gracias a esta ayuda, <strong data-start=\"424\" data-end=\"569\">Jogosa Obras y Servicios SLU ha llevado a cabo con \u00e9xito la implantaci\u00f3n y certificaci\u00f3n de los est\u00e1ndares de calidad ISO 9001, 14001 y 45001<\/strong>, fundamentales para garantizar un sistema de gesti\u00f3n eficiente, sostenible y seguro.<\/p><p data-start=\"658\" data-end=\"829\">La correcta ejecuci\u00f3n del proyecto ha permitido a la empresa mejorar su competitividad y reforzar su compromiso con la calidad, el medio ambiente y la seguridad laboral.<\/p><p data-start=\"831\" data-end=\"1065\">Este proyecto ha sido financiado con una ayuda de <strong data-start=\"881\" data-end=\"899\">7.200,00 euros<\/strong>, <strong data-start=\"901\" data-end=\"976\">cofinanciado al 80% por el Fondo Europeo de Desarrollo Regional (FEDER)<\/strong> en el marco de su compromiso con el crecimiento y desarrollo empresarial en la regi\u00f3n.<\/p><p data-start=\"1067\" data-end=\"1304\">Con esta certificaci\u00f3n, <strong data-start=\"1091\" data-end=\"1123\">Jogosa Obras y Servicios SLU<\/strong> sigue apostando por la excelencia y el cumplimiento de los m\u00e1s altos est\u00e1ndares en su sector, garantizando as\u00ed una mejora continua y un servicio de m\u00e1xima calidad a sus clientes.<\/p><p><img loading=\"lazy\" class=\"alignnone size-large wp-image-5074\" src=\"https:\/\/jogosa.es\/es\/wp-content\/uploads\/2025\/03\/JOGOSA_cartel-consolidapyme-1024x724.jpg\" alt=\"\" width=\"960\" height=\"679\" srcset=\"https:\/\/jogosa.es\/es\/wp-content\/uploads\/2025\/03\/JOGOSA_cartel-consolidapyme-1024x724.jpg 1024w, https:\/\/jogosa.es\/es\/wp-content\/uploads\/2025\/03\/JOGOSA_cartel-consolidapyme-300x212.jpg 300w, https:\/\/jogosa.es\/es\/wp-content\/uploads\/2025\/03\/JOGOSA_cartel-consolidapyme-768x543.jpg 768w, https:\/\/jogosa.es\/es\/wp-content\/uploads\/2025\/03\/JOGOSA_cartel-consolidapyme-1536x1086.jpg 1536w, https:\/\/jogosa.es\/es\/wp-content\/uploads\/2025\/03\/JOGOSA_cartel-consolidapyme-2048x1448.jpg 2048w\" sizes=\"(max-width: 960px) 100vw, 960px\" \/><\/p>\t\t\t\t\t\t<\/div>\n\t\t\t\t<\/div>\n\t\t\t\t\t<\/div>\n\t\t<\/div>\n\t\t\t\t\t\t\t<\/div>\n\t\t<\/section>\n\t\t\t\t<section class=\"elementor-section elementor-top-section elementor-element elementor-element-c52c63f elementor-section-content-middle elementor-section-boxed elementor-section-height-default elementor-section-height-default\" data-id=\"c52c63f\" data-element_type=\"section\" data-settings=\"{&quot;background_background&quot;:&quot;classic&quot;}\">\n\t\t\t\t\t\t<div class=\"elementor-container elementor-column-gap-default\">\n\t\t\t\t\t<div class=\"elementor-column elementor-col-66 elementor-top-column elementor-element elementor-element-bf63059\" data-id=\"bf63059\" data-element_type=\"column\">\n\t\t\t<div class=\"elementor-widget-wrap elementor-element-populated\">\n\t\t\t\t\t\t\t\t<section class=\"elementor-section elementor-inner-section elementor-element elementor-element-5a27264 elementor-section-content-middle elementor-section-boxed elementor-section-height-default elementor-section-height-default\" data-id=\"5a27264\" data-element_type=\"section\">\n\t\t\t\t\t\t<div class=\"elementor-container elementor-column-gap-default\">\n\t\t\t\t\t<div class=\"elementor-column elementor-col-16 elementor-inner-column elementor-element elementor-element-cf7d165\" data-id=\"cf7d165\" data-element_type=\"column\">\n\t\t\t<div class=\"elementor-widget-wrap elementor-element-populated\">\n\t\t\t\t\t\t\t\t<div class=\"elementor-element elementor-element-f31800c elementor-widget elementor-widget-heading\" data-id=\"f31800c\" data-element_type=\"widget\" data-widget_type=\"heading.default\">\n\t\t\t\t<div class=\"elementor-widget-container\">\n\t\t\t<h5 class=\"elementor-heading-title elementor-size-default\"><a href=\"\/nosotros\">Nosotros<\/a><\/h5>\t\t<\/div>\n\t\t\t\t<\/div>\n\t\t\t\t\t<\/div>\n\t\t<\/div>\n\t\t\t\t<div class=\"elementor-column elementor-col-16 elementor-inner-column elementor-element elementor-element-1237505\" data-id=\"1237505\" data-element_type=\"column\">\n\t\t\t<div class=\"elementor-widget-wrap elementor-element-populated\">\n\t\t\t\t\t\t\t\t<div class=\"elementor-element elementor-element-c4a3a84 elementor-widget elementor-widget-heading\" data-id=\"c4a3a84\" data-element_type=\"widget\" data-widget_type=\"heading.default\">\n\t\t\t\t<div class=\"elementor-widget-container\">\n\t\t\t<h5 class=\"elementor-heading-title elementor-size-default\"><a href=\"\/soluciones\">Soluciones<\/a><\/h5>\t\t<\/div>\n\t\t\t\t<\/div>\n\t\t\t\t\t<\/div>\n\t\t<\/div>\n\t\t\t\t<div class=\"elementor-column elementor-col-16 elementor-inner-column elementor-element elementor-element-3eceedd\" data-id=\"3eceedd\" data-element_type=\"column\">\n\t\t\t<div class=\"elementor-widget-wrap elementor-element-populated\">\n\t\t\t\t\t\t\t\t<div class=\"elementor-element elementor-element-5c41fb4 elementor-widget elementor-widget-heading\" data-id=\"5c41fb4\" data-element_type=\"widget\" data-widget_type=\"heading.default\">\n\t\t\t\t<div class=\"elementor-widget-container\">\n\t\t\t<h5 class=\"elementor-heading-title elementor-size-default\"><a href=\"\/proyectos\">proyectos<\/a><\/h5>\t\t<\/div>\n\t\t\t\t<\/div>\n\t\t\t\t\t<\/div>\n\t\t<\/div>\n\t\t\t\t<div class=\"elementor-column elementor-col-16 elementor-inner-column elementor-element elementor-element-14f856e\" data-id=\"14f856e\" data-element_type=\"column\">\n\t\t\t<div class=\"elementor-widget-wrap elementor-element-populated\">\n\t\t\t\t\t\t\t\t<div class=\"elementor-element elementor-element-944dcfb elementor-widget elementor-widget-heading\" data-id=\"944dcfb\" data-element_type=\"widget\" data-widget_type=\"heading.default\">\n\t\t\t\t<div class=\"elementor-widget-container\">\n\t\t\t<h5 class=\"elementor-heading-title elementor-size-default\"><a href=\"\/i-d-i\">i+d+i<\/a><\/h5>\t\t<\/div>\n\t\t\t\t<\/div>\n\t\t\t\t\t<\/div>\n\t\t<\/div>\n\t\t\t\t<div class=\"elementor-column elementor-col-16 elementor-inner-column elementor-element elementor-element-01741d0\" data-id=\"01741d0\" data-element_type=\"column\">\n\t\t\t<div class=\"elementor-widget-wrap elementor-element-populated\">\n\t\t\t\t\t\t\t\t<div class=\"elementor-element elementor-element-bdd1105 elementor-widget elementor-widget-heading\" data-id=\"bdd1105\" data-element_type=\"widget\" data-widget_type=\"heading.default\">\n\t\t\t\t<div class=\"elementor-widget-container\">\n\t\t\t<h5 class=\"elementor-heading-title elementor-size-default\"><a href=\"\/actualidad\">Actualidad<\/a><\/h5>\t\t<\/div>\n\t\t\t\t<\/div>\n\t\t\t\t\t<\/div>\n\t\t<\/div>\n\t\t\t\t<div class=\"elementor-column elementor-col-16 elementor-inner-column elementor-element elementor-element-f0be369\" data-id=\"f0be369\" data-element_type=\"column\">\n\t\t\t<div class=\"elementor-widget-wrap elementor-element-populated\">\n\t\t\t\t\t\t\t\t<div class=\"elementor-element elementor-element-ac8ffbc elementor-widget elementor-widget-heading\" data-id=\"ac8ffbc\" data-element_type=\"widget\" data-widget_type=\"heading.default\">\n\t\t\t\t<div class=\"elementor-widget-container\">\n\t\t\t<h5 class=\"elementor-heading-title elementor-size-default\"><a href=\"\/contacto\">Contacto<\/a><\/h5>\t\t<\/div>\n\t\t\t\t<\/div>\n\t\t\t\t\t<\/div>\n\t\t<\/div>\n\t\t\t\t\t\t\t<\/div>\n\t\t<\/section>\n\t\t\t\t<section class=\"elementor-section elementor-inner-section elementor-element elementor-element-4ba9982 elementor-section-content-middle elementor-section-boxed elementor-section-height-default elementor-section-height-default\" data-id=\"4ba9982\" data-element_type=\"section\">\n\t\t\t\t\t\t<div class=\"elementor-container elementor-column-gap-default\">\n\t\t\t\t\t<div class=\"elementor-column elementor-col-33 elementor-inner-column elementor-element elementor-element-9278b8e\" data-id=\"9278b8e\" data-element_type=\"column\">\n\t\t\t<div class=\"elementor-widget-wrap elementor-element-populated\">\n\t\t\t\t\t\t\t\t<div class=\"elementor-element elementor-element-854c0ab elementor-widget elementor-widget-heading\" data-id=\"854c0ab\" data-element_type=\"widget\" data-widget_type=\"heading.default\">\n\t\t\t\t<div class=\"elementor-widget-container\">\n\t\t\t<div class=\"elementor-heading-title elementor-size-default\"><i class=\"fa fa-phone pr5\"><\/i> 927 21 27 58<\/div>\t\t<\/div>\n\t\t\t\t<\/div>\n\t\t\t\t\t<\/div>\n\t\t<\/div>\n\t\t\t\t<div class=\"elementor-column elementor-col-33 elementor-inner-column elementor-element elementor-element-4276eca\" data-id=\"4276eca\" data-element_type=\"column\">\n\t\t\t<div class=\"elementor-widget-wrap elementor-element-populated\">\n\t\t\t\t\t\t\t\t<div class=\"elementor-element elementor-element-f7c9ec6 elementor-widget elementor-widget-heading\" data-id=\"f7c9ec6\" data-element_type=\"widget\" data-widget_type=\"heading.default\">\n\t\t\t\t<div class=\"elementor-widget-container\">\n\t\t\t<div class=\"elementor-heading-title elementor-size-default\"><i class=\"fa fa-envelope-o pr5\"><\/i> info@jogosa.es<\/div>\t\t<\/div>\n\t\t\t\t<\/div>\n\t\t\t\t\t<\/div>\n\t\t<\/div>\n\t\t\t\t<div class=\"elementor-column elementor-col-33 elementor-inner-column elementor-element elementor-element-1e58d15\" data-id=\"1e58d15\" data-element_type=\"column\">\n\t\t\t<div class=\"elementor-widget-wrap elementor-element-populated\">\n\t\t\t\t\t\t\t\t<div class=\"elementor-element elementor-element-63bb4f1 elementor-widget elementor-widget-heading\" data-id=\"63bb4f1\" data-element_type=\"widget\" data-widget_type=\"heading.default\">\n\t\t\t\t<div class=\"elementor-widget-container\">\n\t\t\t<div class=\"elementor-heading-title elementor-size-default\"><i class=\"fa fa-home pr5\"><\/i>Las Avutardas 40, C\u00e1ceres<\/div>\t\t<\/div>\n\t\t\t\t<\/div>\n\t\t\t\t\t<\/div>\n\t\t<\/div>\n\t\t\t\t\t\t\t<\/div>\n\t\t<\/section>\n\t\t\t\t\t<\/div>\n\t\t<\/div>\n\t\t\t\t<div class=\"elementor-column elementor-col-33 elementor-top-column elementor-element elementor-element-44992e7\" data-id=\"44992e7\" data-element_type=\"column\">\n\t\t\t<div class=\"elementor-widget-wrap elementor-element-populated\">\n\t\t\t\t\t\t\t\t<div class=\"elementor-element elementor-element-48fd17d elementor-widget elementor-widget-image\" data-id=\"48fd17d\" data-element_type=\"widget\" data-widget_type=\"image.default\">\n\t\t\t\t<div class=\"elementor-widget-container\">\n\t\t\t\t\t\t\t\t\t\t\t\t\t\t\t\t<a href=\"https:\/\/jogosa.es\/es\">\n\t\t\t\t\t\t\t<img src=\"https:\/\/jogosa.es\/es\/wp-content\/uploads\/elementor\/thumbs\/logo_jogosa-07-p5qvpi787k8jajpbxxpcenizupdji32a6kk1lur8le.png\" title=\"logo_jogosa-07\" alt=\"logo_jogosa-07\" \/>\t\t\t\t\t\t\t\t<\/a>\n\t\t\t\t\t\t\t\t\t\t\t\t\t\t\t<\/div>\n\t\t\t\t<\/div>\n\t\t\t\t<div class=\"elementor-element elementor-element-2585743 elementor-widget elementor-widget-heading\" data-id=\"2585743\" data-element_type=\"widget\" data-widget_type=\"heading.default\">\n\t\t\t\t<div class=\"elementor-widget-container\">\n\t\t\t<p class=\"elementor-heading-title elementor-size-default\">Copyright \u00a9 2021 Jogosa Obras y Servicios.<br><a class=\"white\" href=\"\/politica-privacidad\">Pol\u00edtica de privacidad<\/a><\/p>\t\t<\/div>\n\t\t\t\t<\/div>\n\t\t\t\t\t<\/div>\n\t\t<\/div>\n\t\t\t\t\t\t\t<\/div>\n\t\t<\/section>\n\t\t\t\t\t\t<\/div>\n\t\t\t\t\t<\/div>\n\t\t","protected":false},"excerpt":{"rendered":"<p>IMPLANTACI\u00d3N Y CERTIFICACI\u00d3N ISO 9001, 14001 Y 45001 Jogosa Obras y Servicios CONSOLIDAPYME: Programa para la Consolidaci\u00f3n y Crecimiento de la Pyme extreme\u00f1a a trav\u00e9s de su Mejora Competitiva Jogosa Obras y Servicios SLU ha sido adjudicataria de la ayuda del programa CONSOLIDAPYME, una iniciativa destinada a la consolidaci\u00f3n y crecimiento de las pymes extreme\u00f1as [&hellip;]<\/p>\n","protected":false},"author":1,"featured_media":0,"parent":0,"menu_order":0,"comment_status":"closed","ping_status":"closed","template":"forester-elementor-page.php","meta":[],"yoast_head":"<!-- This site is optimized with the Yoast SEO plugin v18.4.1 - https:\/\/yoast.com\/wordpress\/plugins\/seo\/ -->\n<title>IMPLANTACI\u00d3N Y CERTIFICACI\u00d3N ISO 9001, 14001 Y 45001 - Jogosa Obras y Servicios<\/title>\n<meta name=\"robots\" content=\"noindex, follow, max-snippet:-1, max-image-preview:large, max-video-preview:-1\" \/>\n<meta property=\"og:locale\" content=\"es_ES\" \/>\n<meta property=\"og:type\" content=\"article\" \/>\n<meta property=\"og:title\" content=\"IMPLANTACI\u00d3N Y CERTIFICACI\u00d3N ISO 9001, 14001 Y 45001 - Jogosa Obras y Servicios\" \/>\n<meta property=\"og:description\" content=\"IMPLANTACI\u00d3N Y CERTIFICACI\u00d3N ISO 9001, 14001 Y 45001 Jogosa Obras y Servicios CONSOLIDAPYME: Programa para la Consolidaci\u00f3n y Crecimiento de la Pyme extreme\u00f1a a trav\u00e9s de su Mejora Competitiva Jogosa Obras y Servicios SLU ha sido adjudicataria de la ayuda del programa CONSOLIDAPYME, una iniciativa destinada a la consolidaci\u00f3n y crecimiento de las pymes extreme\u00f1as [&hellip;]\" \/>\n<meta property=\"og:url\" content=\"https:\/\/jogosa.es\/es\/consolidapyme-isos\/\" \/>\n<meta property=\"og:site_name\" content=\"Jogosa Obras y Servicios\" \/>\n<meta property=\"article:modified_time\" content=\"2025-03-13T22:41:05+00:00\" \/>\n<meta property=\"og:image\" content=\"https:\/\/jogosa.es\/es\/wp-content\/uploads\/2025\/03\/JOGOSA_cartel-consolidapyme-1024x724.jpg\" \/>\n<meta name=\"twitter:card\" content=\"summary_large_image\" \/>\n<meta name=\"twitter:label1\" content=\"Tiempo de lectura\" \/>\n\t<meta name=\"twitter:data1\" content=\"2 minutos\" \/>\n<script type=\"application\/ld+json\" class=\"yoast-schema-graph\">{\"@context\":\"https:\/\/schema.org\",\"@graph\":[{\"@type\":\"WebSite\",\"@id\":\"https:\/\/jogosa.es\/es\/#website\",\"url\":\"https:\/\/jogosa.es\/es\/\",\"name\":\"Jogosa Obras y Servicios\",\"description\":\"Ingenier\u00eda forestal al servicio del medio ambiente\",\"potentialAction\":[{\"@type\":\"SearchAction\",\"target\":{\"@type\":\"EntryPoint\",\"urlTemplate\":\"https:\/\/jogosa.es\/es\/?s={search_term_string}\"},\"query-input\":\"required name=search_term_string\"}],\"inLanguage\":\"es\"},{\"@type\":\"ImageObject\",\"@id\":\"https:\/\/jogosa.es\/es\/consolidapyme-isos\/#primaryimage\",\"inLanguage\":\"es\",\"url\":\"https:\/\/jogosa.es\/es\/wp-content\/uploads\/2025\/03\/JOGOSA_cartel-consolidapyme.jpg\",\"contentUrl\":\"https:\/\/jogosa.es\/es\/wp-content\/uploads\/2025\/03\/JOGOSA_cartel-consolidapyme.jpg\",\"width\":2480,\"height\":1753},{\"@type\":\"WebPage\",\"@id\":\"https:\/\/jogosa.es\/es\/consolidapyme-isos\/#webpage\",\"url\":\"https:\/\/jogosa.es\/es\/consolidapyme-isos\/\",\"name\":\"IMPLANTACI\u00d3N Y CERTIFICACI\u00d3N ISO 9001, 14001 Y 45001 - Jogosa Obras y Servicios\",\"isPartOf\":{\"@id\":\"https:\/\/jogosa.es\/es\/#website\"},\"primaryImageOfPage\":{\"@id\":\"https:\/\/jogosa.es\/es\/consolidapyme-isos\/#primaryimage\"},\"datePublished\":\"2025-03-13T22:37:22+00:00\",\"dateModified\":\"2025-03-13T22:41:05+00:00\",\"breadcrumb\":{\"@id\":\"https:\/\/jogosa.es\/es\/consolidapyme-isos\/#breadcrumb\"},\"inLanguage\":\"es\",\"potentialAction\":[{\"@type\":\"ReadAction\",\"target\":[\"https:\/\/jogosa.es\/es\/consolidapyme-isos\/\"]}]},{\"@type\":\"BreadcrumbList\",\"@id\":\"https:\/\/jogosa.es\/es\/consolidapyme-isos\/#breadcrumb\",\"itemListElement\":[{\"@type\":\"ListItem\",\"position\":1,\"name\":\"Portada\",\"item\":\"https:\/\/jogosa.es\/es\/\"},{\"@type\":\"ListItem\",\"position\":2,\"name\":\"IMPLANTACI\u00d3N Y CERTIFICACI\u00d3N ISO 9001, 14001 Y 45001\"}]}]}<\/script>\n<!-- \/ Yoast SEO plugin. -->","yoast_head_json":{"title":"IMPLANTACI\u00d3N Y CERTIFICACI\u00d3N ISO 9001, 14001 Y 45001 - Jogosa Obras y Servicios","robots":{"index":"noindex","follow":"follow","max-snippet":"max-snippet:-1","max-image-preview":"max-image-preview:large","max-video-preview":"max-video-preview:-1"},"og_locale":"es_ES","og_type":"article","og_title":"IMPLANTACI\u00d3N Y CERTIFICACI\u00d3N ISO 9001, 14001 Y 45001 - Jogosa Obras y Servicios","og_description":"IMPLANTACI\u00d3N Y CERTIFICACI\u00d3N ISO 9001, 14001 Y 45001 Jogosa Obras y Servicios CONSOLIDAPYME: Programa para la Consolidaci\u00f3n y Crecimiento de la Pyme extreme\u00f1a a trav\u00e9s de su Mejora Competitiva Jogosa Obras y Servicios SLU ha sido adjudicataria de la ayuda del programa CONSOLIDAPYME, una iniciativa destinada a la consolidaci\u00f3n y crecimiento de las pymes extreme\u00f1as [&hellip;]","og_url":"https:\/\/jogosa.es\/es\/consolidapyme-isos\/","og_site_name":"Jogosa Obras y Servicios","article_modified_time":"2025-03-13T22:41:05+00:00","og_image":[{"url":"https:\/\/jogosa.es\/es\/wp-content\/uploads\/2025\/03\/JOGOSA_cartel-consolidapyme-1024x724.jpg"}],"twitter_card":"summary_large_image","twitter_misc":{"Tiempo de lectura":"2 minutos"},"schema":{"@context":"https:\/\/schema.org","@graph":[{"@type":"WebSite","@id":"https:\/\/jogosa.es\/es\/#website","url":"https:\/\/jogosa.es\/es\/","name":"Jogosa Obras y Servicios","description":"Ingenier\u00eda forestal al servicio del medio ambiente","potentialAction":[{"@type":"SearchAction","target":{"@type":"EntryPoint","urlTemplate":"https:\/\/jogosa.es\/es\/?s={search_term_string}"},"query-input":"required name=search_term_string"}],"inLanguage":"es"},{"@type":"ImageObject","@id":"https:\/\/jogosa.es\/es\/consolidapyme-isos\/#primaryimage","inLanguage":"es","url":"https:\/\/jogosa.es\/es\/wp-content\/uploads\/2025\/03\/JOGOSA_cartel-consolidapyme.jpg","contentUrl":"https:\/\/jogosa.es\/es\/wp-content\/uploads\/2025\/03\/JOGOSA_cartel-consolidapyme.jpg","width":2480,"height":1753},{"@type":"WebPage","@id":"https:\/\/jogosa.es\/es\/consolidapyme-isos\/#webpage","url":"https:\/\/jogosa.es\/es\/consolidapyme-isos\/","name":"IMPLANTACI\u00d3N Y CERTIFICACI\u00d3N ISO 9001, 14001 Y 45001 - Jogosa Obras y Servicios","isPartOf":{"@id":"https:\/\/jogosa.es\/es\/#website"},"primaryImageOfPage":{"@id":"https:\/\/jogosa.es\/es\/consolidapyme-isos\/#primaryimage"},"datePublished":"2025-03-13T22:37:22+00:00","dateModified":"2025-03-13T22:41:05+00:00","breadcrumb":{"@id":"https:\/\/jogosa.es\/es\/consolidapyme-isos\/#breadcrumb"},"inLanguage":"es","potentialAction":[{"@type":"ReadAction","target":["https:\/\/jogosa.es\/es\/consolidapyme-isos\/"]}]},{"@type":"BreadcrumbList","@id":"https:\/\/jogosa.es\/es\/consolidapyme-isos\/#breadcrumb","itemListElement":[{"@type":"ListItem","position":1,"name":"Portada","item":"https:\/\/jogosa.es\/es\/"},{"@type":"ListItem","position":2,"name":"IMPLANTACI\u00d3N Y CERTIFICACI\u00d3N ISO 9001, 14001 Y 45001"}]}]}},"_links":{"self":[{"href":"https:\/\/jogosa.es\/es\/wp-json\/wp\/v2\/pages\/5082"}],"collection":[{"href":"https:\/\/jogosa.es\/es\/wp-json\/wp\/v2\/pages"}],"about":[{"href":"https:\/\/jogosa.es\/es\/wp-json\/wp\/v2\/types\/page"}],"author":[{"embeddable":true,"href":"https:\/\/jogosa.es\/es\/wp-json\/wp\/v2\/users\/1"}],"replies":[{"embeddable":true,"href":"https:\/\/jogosa.es\/es\/wp-json\/wp\/v2\/comments?post=5082"}],"version-history":[{"count":16,"href":"https:\/\/jogosa.es\/es\/wp-json\/wp\/v2\/pages\/5082\/revisions"}],"predecessor-version":[{"id":5098,"href":"https:\/\/jogosa.es\/es\/wp-json\/wp\/v2\/pages\/5082\/revisions\/5098"}],"wp:attachment":[{"href":"https:\/\/jogosa.es\/es\/wp-json\/wp\/v2\/media?parent=5082"}],"curies":[{"name":"wp","href":"https:\/\/api.w.org\/{rel}","templated":true}]}}